{"id":58,"date":"2019-11-01T14:24:19","date_gmt":"2019-11-01T14:24:19","guid":{"rendered":"https:\/\/verenigingijslandsehond.nl\/?page_id=58"},"modified":"2026-03-31T14:26:10","modified_gmt":"2026-03-31T14:26:10","slug":"pupinfo","status":"publish","type":"page","link":"https:\/\/verenigingijslandsehond.nl\/?page_id=58","title":{"rendered":"Pupinfo"},"content":{"rendered":"\n<figure class=\"wp-block-image alignwide\"><img decoding=\"async\" loading=\"lazy\" width=\"914\" height=\"385\" src=\"https:\/\/verenigingijslandsehond.nl\/wp-content\/uploads\/2019\/11\/VIJHN_Pic_03_Pupinfo.png\" alt=\"\" class=\"wp-image-148\" srcset=\"https:\/\/verenigingijslandsehond.nl\/wp-content\/uploads\/2019\/11\/VIJHN_Pic_03_Pupinfo.png 914w, https:\/\/verenigingijslandsehond.nl\/wp-content\/uploads\/2019\/11\/VIJHN_Pic_03_Pupinfo-300x126.png 300w, https:\/\/verenigingijslandsehond.nl\/wp-content\/uploads\/2019\/11\/VIJHN_Pic_03_Pupinfo-768x324.png 768w\" sizes=\"(max-width: 914px) 100vw, 914px\" \/><\/figure>\n\n\n\n<p>Als er een nest geboren is, plaatsen we er op deze pagina meer info over. Ben je op zoek naar meer informatie over de IJslandse hond dan deze site biedt, neem dan contact op met Natasja Hagemeier (bij voorkeur) via e-mail door <a href=\"mailto:pupinfo@verenigingijslandsehond.nl\">hier<\/a> te klikken. Je kunt haar ook bellen op telefoonnummer 06-28241294.<\/p>\n\n\n\n<p>Een vraag die we vaak krijgen, is de prijs voor een IJslandse hondenpup. De fokkers bepalen deze zelf (als vereniging hebben wij daar geen zeggenschap over), maar een <strong>indicatie is tussen de 1500 en 1600 euro (2026)<\/strong>. We evalueren de aanbevolen puppenprijs jaarlijks.<\/p>\n\n\n<style id=\"kb-spacer_15adaf-0f\">.wp-block-kadence-spacer.kt-block-spacer-_15adaf-0f .kt-divider{width:80%;}<\/style>\n<div class=\"wp-block-kadence-spacer aligncenter kt-block-spacer-_15adaf-0f\"><div class=\"kt-block-spacer kt-block-spacer-halign-center\"><hr class=\"kt-divider\"\/><\/div><\/div>\n\n\n<div class=\"display-posts-listing grid\"><div class=\"listing-item\"><a class=\"image\" href=\"https:\/\/verenigingijslandsehond.nl\/?p=6652\"><img width=\"300\" height=\"138\" src=\"https:\/\/verenigingijslandsehond.nl\/wp-content\/uploads\/2026\/01\/dekmelding_019-300x138.jpg\" class=\"attachment-medium size-medium wp-post-image\" alt=\"\" decoding=\"async\" loading=\"lazy\" srcset=\"https:\/\/verenigingijslandsehond.nl\/wp-content\/uploads\/2026\/01\/dekmelding_019-300x138.jpg 300w, https:\/\/verenigingijslandsehond.nl\/wp-content\/uploads\/2026\/01\/dekmelding_019-1024x472.jpg 1024w, https:\/\/verenigingijslandsehond.nl\/wp-content\/uploads\/2026\/01\/dekmelding_019-768x354.jpg 768w, https:\/\/verenigingijslandsehond.nl\/wp-content\/uploads\/2026\/01\/dekmelding_019-1536x707.jpg 1536w, https:\/\/verenigingijslandsehond.nl\/wp-content\/uploads\/2026\/01\/dekmelding_019-2048x943.jpg 2048w\" sizes=\"(max-width: 300px) 100vw, 300px\" \/><\/a> <a class=\"title\" href=\"https:\/\/verenigingijslandsehond.nl\/?p=6652\">Geboren 23 maart &#8211; Saga Mjolnirsd\u00f3ttir fr\u00e1 Idunn x Sokki (Loki) &#8211; gereserveerd<\/a><\/div><div class=\"listing-item\"><a class=\"image\" href=\"https:\/\/verenigingijslandsehond.nl\/?p=6612\"><img width=\"300\" height=\"138\" src=\"https:\/\/verenigingijslandsehond.nl\/wp-content\/uploads\/2025\/11\/dekmelding_016-300x138.jpg\" class=\"attachment-medium size-medium wp-post-image\" alt=\"\" decoding=\"async\" loading=\"lazy\" srcset=\"https:\/\/verenigingijslandsehond.nl\/wp-content\/uploads\/2025\/11\/dekmelding_016-300x138.jpg 300w, https:\/\/verenigingijslandsehond.nl\/wp-content\/uploads\/2025\/11\/dekmelding_016-1024x472.jpg 1024w, https:\/\/verenigingijslandsehond.nl\/wp-content\/uploads\/2025\/11\/dekmelding_016-768x354.jpg 768w, https:\/\/verenigingijslandsehond.nl\/wp-content\/uploads\/2025\/11\/dekmelding_016.jpg 1411w\" sizes=\"(max-width: 300px) 100vw, 300px\" \/><\/a> <a class=\"title\" href=\"https:\/\/verenigingijslandsehond.nl\/?p=6612\">Geboren 25 januari &#8211; X-Saga (L\u00f3a) van Rogici x Yggdrasil fr\u00e1 Klettakoti &#8211; gereserveerd<\/a><\/div><div class=\"listing-item\"><a class=\"image\" href=\"https:\/\/verenigingijslandsehond.nl\/?p=6626\"><img width=\"300\" height=\"138\" src=\"https:\/\/verenigingijslandsehond.nl\/wp-content\/uploads\/2025\/12\/dekmelding_017-300x138.jpg\" class=\"attachment-medium size-medium wp-post-image\" alt=\"\" decoding=\"async\" loading=\"lazy\" srcset=\"https:\/\/verenigingijslandsehond.nl\/wp-content\/uploads\/2025\/12\/dekmelding_017-300x138.jpg 300w, https:\/\/verenigingijslandsehond.nl\/wp-content\/uploads\/2025\/12\/dekmelding_017-1024x472.jpg 1024w, https:\/\/verenigingijslandsehond.nl\/wp-content\/uploads\/2025\/12\/dekmelding_017-768x354.jpg 768w, https:\/\/verenigingijslandsehond.nl\/wp-content\/uploads\/2025\/12\/dekmelding_017.jpg 1411w\" sizes=\"(max-width: 300px) 100vw, 300px\" \/><\/a> <a class=\"title\" href=\"https:\/\/verenigingijslandsehond.nl\/?p=6626\">Geboren 21 januari &#8211; T\u00f6fra Kolla Fr\u00e1h\u00e1lendi x Fengur Mimirsson Saeldarl\u00edfs<\/a><\/div><div class=\"listing-item\"><a class=\"image\" href=\"https:\/\/verenigingijslandsehond.nl\/?p=6602\"><img width=\"300\" height=\"138\" src=\"https:\/\/verenigingijslandsehond.nl\/wp-content\/uploads\/2025\/10\/dekmelding_015-300x138.jpg\" class=\"attachment-medium size-medium wp-post-image\" alt=\"\" decoding=\"async\" loading=\"lazy\" srcset=\"https:\/\/verenigingijslandsehond.nl\/wp-content\/uploads\/2025\/10\/dekmelding_015-300x138.jpg 300w, https:\/\/verenigingijslandsehond.nl\/wp-content\/uploads\/2025\/10\/dekmelding_015-1024x472.jpg 1024w, https:\/\/verenigingijslandsehond.nl\/wp-content\/uploads\/2025\/10\/dekmelding_015-768x354.jpg 768w, https:\/\/verenigingijslandsehond.nl\/wp-content\/uploads\/2025\/10\/dekmelding_015.jpg 1411w\" sizes=\"(max-width: 300px) 100vw, 300px\" \/><\/a> <a class=\"title\" href=\"https:\/\/verenigingijslandsehond.nl\/?p=6602\">Geboren 24 december &#8211; Sola van Rogici x Thor van Rogici &#8211; gereserveerd<\/a><\/div><div class=\"listing-item\"><a class=\"image\" href=\"https:\/\/verenigingijslandsehond.nl\/?p=6590\"><img width=\"300\" height=\"138\" src=\"https:\/\/verenigingijslandsehond.nl\/wp-content\/uploads\/2025\/10\/dekmelding_014-300x138.jpg\" class=\"attachment-medium size-medium wp-post-image\" alt=\"\" decoding=\"async\" loading=\"lazy\" srcset=\"https:\/\/verenigingijslandsehond.nl\/wp-content\/uploads\/2025\/10\/dekmelding_014-300x138.jpg 300w, https:\/\/verenigingijslandsehond.nl\/wp-content\/uploads\/2025\/10\/dekmelding_014-1024x472.jpg 1024w, https:\/\/verenigingijslandsehond.nl\/wp-content\/uploads\/2025\/10\/dekmelding_014-768x354.jpg 768w, https:\/\/verenigingijslandsehond.nl\/wp-content\/uploads\/2025\/10\/dekmelding_014.jpg 1411w\" sizes=\"(max-width: 300px) 100vw, 300px\" \/><\/a> <a class=\"title\" href=\"https:\/\/verenigingijslandsehond.nl\/?p=6590\">Geboren 18 oktober &#8211; Taco fra Ibuo Landi x Ulfur &#8211; gereserveerd<\/a><\/div><div class=\"listing-item\"><a class=\"image\" href=\"https:\/\/verenigingijslandsehond.nl\/?p=6253\"><img width=\"300\" height=\"138\" src=\"https:\/\/verenigingijslandsehond.nl\/wp-content\/uploads\/2025\/08\/dekmelding_013-300x138.png\" class=\"attachment-medium size-medium wp-post-image\" alt=\"\" decoding=\"async\" loading=\"lazy\" srcset=\"https:\/\/verenigingijslandsehond.nl\/wp-content\/uploads\/2025\/08\/dekmelding_013-300x138.png 300w, https:\/\/verenigingijslandsehond.nl\/wp-content\/uploads\/2025\/08\/dekmelding_013-1024x472.png 1024w, https:\/\/verenigingijslandsehond.nl\/wp-content\/uploads\/2025\/08\/dekmelding_013-768x354.png 768w, https:\/\/verenigingijslandsehond.nl\/wp-content\/uploads\/2025\/08\/dekmelding_013.png 1411w\" sizes=\"(max-width: 300px) 100vw, 300px\" \/><\/a> <a class=\"title\" href=\"https:\/\/verenigingijslandsehond.nl\/?p=6253\">Geboren 15 oktober &#8211; Petur-Bryanna v Rogici (Bry) x Sokki (Loki) &#8211; gereserveerd<\/a><\/div><div class=\"listing-item\"><a class=\"image\" href=\"https:\/\/verenigingijslandsehond.nl\/?p=6225\"><img width=\"300\" height=\"138\" src=\"https:\/\/verenigingijslandsehond.nl\/wp-content\/uploads\/2025\/08\/dekmelding_012-300x138.jpg\" class=\"attachment-medium size-medium wp-post-image\" alt=\"\" decoding=\"async\" loading=\"lazy\" srcset=\"https:\/\/verenigingijslandsehond.nl\/wp-content\/uploads\/2025\/08\/dekmelding_012-300x138.jpg 300w, https:\/\/verenigingijslandsehond.nl\/wp-content\/uploads\/2025\/08\/dekmelding_012-1024x472.jpg 1024w, https:\/\/verenigingijslandsehond.nl\/wp-content\/uploads\/2025\/08\/dekmelding_012-768x354.jpg 768w, https:\/\/verenigingijslandsehond.nl\/wp-content\/uploads\/2025\/08\/dekmelding_012.jpg 1411w\" sizes=\"(max-width: 300px) 100vw, 300px\" \/><\/a> <a class=\"title\" href=\"https:\/\/verenigingijslandsehond.nl\/?p=6225\">Geboren 30 september &#8211; L\u00edf Mjolnirsd\u00f3ttir fr\u00e1 Idunn x Yaki van Rogici &#8211; gereserveerd<\/a><\/div><div class=\"listing-item\"><a class=\"image\" href=\"https:\/\/verenigingijslandsehond.nl\/?p=6075\"><img width=\"300\" height=\"138\" src=\"https:\/\/verenigingijslandsehond.nl\/wp-content\/uploads\/2025\/05\/samengevoegd_resultaat-300x138.jpg\" class=\"attachment-medium size-medium wp-post-image\" alt=\"\" decoding=\"async\" loading=\"lazy\" srcset=\"https:\/\/verenigingijslandsehond.nl\/wp-content\/uploads\/2025\/05\/samengevoegd_resultaat-300x138.jpg 300w, https:\/\/verenigingijslandsehond.nl\/wp-content\/uploads\/2025\/05\/samengevoegd_resultaat-1024x472.jpg 1024w, https:\/\/verenigingijslandsehond.nl\/wp-content\/uploads\/2025\/05\/samengevoegd_resultaat-768x354.jpg 768w, https:\/\/verenigingijslandsehond.nl\/wp-content\/uploads\/2025\/05\/samengevoegd_resultaat.jpg 1411w\" sizes=\"(max-width: 300px) 100vw, 300px\" \/><\/a> <a class=\"title\" href=\"https:\/\/verenigingijslandsehond.nl\/?p=6075\">Geboren 27 juni &#8211; Yaya van Rogici x J\u00e4\u00e4puikon Waldemar (Waldo) &#8211; gereserveerd<\/a><\/div><div class=\"listing-item\"><a class=\"image\" href=\"https:\/\/verenigingijslandsehond.nl\/?p=5860\"><img width=\"300\" height=\"138\" src=\"https:\/\/verenigingijslandsehond.nl\/wp-content\/uploads\/2025\/01\/dekmelding_00-300x138.png\" class=\"attachment-medium size-medium wp-post-image\" alt=\"\" decoding=\"async\" loading=\"lazy\" srcset=\"https:\/\/verenigingijslandsehond.nl\/wp-content\/uploads\/2025\/01\/dekmelding_00-300x138.png 300w, https:\/\/verenigingijslandsehond.nl\/wp-content\/uploads\/2025\/01\/dekmelding_00-1024x472.png 1024w, https:\/\/verenigingijslandsehond.nl\/wp-content\/uploads\/2025\/01\/dekmelding_00-768x354.png 768w, https:\/\/verenigingijslandsehond.nl\/wp-content\/uploads\/2025\/01\/dekmelding_00.png 1411w\" sizes=\"(max-width: 300px) 100vw, 300px\" \/><\/a> <a class=\"title\" href=\"https:\/\/verenigingijslandsehond.nl\/?p=5860\">Geboren 19 maart &#8211; J\u00f3ney fr\u00e1 Fridarst\u00f6dum x Fengur Mimirsson Saeldarlifs &#8211; gereserveerd<\/a><\/div><div class=\"listing-item\"><a class=\"image\" href=\"https:\/\/verenigingijslandsehond.nl\/?p=5829\"><img width=\"300\" height=\"138\" src=\"https:\/\/verenigingijslandsehond.nl\/wp-content\/uploads\/2024\/12\/dekmelding_010-300x138.jpg\" class=\"attachment-medium size-medium wp-post-image\" alt=\"\" decoding=\"async\" loading=\"lazy\" srcset=\"https:\/\/verenigingijslandsehond.nl\/wp-content\/uploads\/2024\/12\/dekmelding_010-300x138.jpg 300w, https:\/\/verenigingijslandsehond.nl\/wp-content\/uploads\/2024\/12\/dekmelding_010-1024x472.jpg 1024w, https:\/\/verenigingijslandsehond.nl\/wp-content\/uploads\/2024\/12\/dekmelding_010-768x354.jpg 768w, https:\/\/verenigingijslandsehond.nl\/wp-content\/uploads\/2024\/12\/dekmelding_010.jpg 1411w\" sizes=\"(max-width: 300px) 100vw, 300px\" \/><\/a> <a class=\"title\" href=\"https:\/\/verenigingijslandsehond.nl\/?p=5829\">Geboren 25 februari &#8211; Stina van Rogici x Ymur van Rogici &#8211; gereserveerd<\/a><\/div><\/div>\n","protected":false},"excerpt":{"rendered":"<p>Als er een nest geboren is, plaatsen we er op deze pagina meer info over. Ben je op zoek naar meer informatie over de IJslandse hond dan deze site biedt, neem dan contact op met Natasja Hagemeier (bij voorkeur) via &hellip; <a href=\"https:\/\/verenigingijslandsehond.nl\/?p=5829\">Vervolgd<\/a><\/p>\n","protected":false},"author":1,"featured_media":559,"parent":0,"menu_order":0,"comment_status":"closed","ping_status":"closed","template":"","meta":{"kt_blocks_editor_width":""},"yoast_head":"<!-- This site is optimized with the Yoast SEO plugin v19.14 - https:\/\/yoast.com\/wordpress\/plugins\/seo\/ -->\n<title>Pupinfo - Vereniging de IJslandse Hond in Nederland<\/title>\n<meta name=\"robots\" content=\"index, follow, max-snippet:-1, max-image-preview:large, max-video-preview:-1\" \/>\n<link rel=\"canonical\" href=\"https:\/\/verenigingijslandsehond.nl\/?page_id=58\" \/>\n<meta property=\"og:locale\" content=\"nl_NL\" \/>\n<meta property=\"og:type\" content=\"article\" \/>\n<meta property=\"og:title\" content=\"Pupinfo - Vereniging de IJslandse Hond in Nederland\" \/>\n<meta property=\"og:description\" content=\"Als er een nest geboren is, plaatsen we er op deze pagina meer info over. Ben je op zoek naar meer informatie over de IJslandse hond dan deze site biedt, neem dan contact op met Natasja Hagemeier (bij voorkeur) via &hellip; Vervolgd\" \/>\n<meta property=\"og:url\" content=\"https:\/\/verenigingijslandsehond.nl\/?page_id=58\" \/>\n<meta property=\"og:site_name\" content=\"Vereniging de IJslandse Hond in Nederland\" \/>\n<meta property=\"article:modified_time\" content=\"2026-03-31T14:26:10+00:00\" \/>\n<meta property=\"og:image\" content=\"https:\/\/verenigingijslandsehond.nl\/wp-content\/uploads\/2020\/01\/IMG-20200124-WA0000.jpg\" \/>\n\t<meta property=\"og:image:width\" content=\"1600\" \/>\n\t<meta property=\"og:image:height\" content=\"1200\" \/>\n\t<meta property=\"og:image:type\" content=\"image\/jpeg\" \/>\n<meta name=\"twitter:card\" content=\"summary_large_image\" \/>\n<meta name=\"twitter:label1\" content=\"Geschatte leestijd\" \/>\n\t<meta name=\"twitter:data1\" content=\"1 minuut\" \/>\n<script type=\"application\/ld+json\" class=\"yoast-schema-graph\">{\"@context\":\"https:\/\/schema.org\",\"@graph\":[{\"@type\":\"WebPage\",\"@id\":\"https:\/\/verenigingijslandsehond.nl\/?page_id=58\",\"url\":\"https:\/\/verenigingijslandsehond.nl\/?page_id=58\",\"name\":\"Pupinfo - Vereniging de IJslandse Hond in Nederland\",\"isPartOf\":{\"@id\":\"https:\/\/verenigingijslandsehond.nl\/#website\"},\"datePublished\":\"2019-11-01T14:24:19+00:00\",\"dateModified\":\"2026-03-31T14:26:10+00:00\",\"breadcrumb\":{\"@id\":\"https:\/\/verenigingijslandsehond.nl\/?page_id=58#breadcrumb\"},\"inLanguage\":\"nl\",\"potentialAction\":[{\"@type\":\"ReadAction\",\"target\":[\"https:\/\/verenigingijslandsehond.nl\/?page_id=58\"]}]},{\"@type\":\"BreadcrumbList\",\"@id\":\"https:\/\/verenigingijslandsehond.nl\/?page_id=58#breadcrumb\",\"itemListElement\":[{\"@type\":\"ListItem\",\"position\":1,\"name\":\"Home\",\"item\":\"https:\/\/verenigingijslandsehond.nl\/\"},{\"@type\":\"ListItem\",\"position\":2,\"name\":\"Pupinfo\"}]},{\"@type\":\"WebSite\",\"@id\":\"https:\/\/verenigingijslandsehond.nl\/#website\",\"url\":\"https:\/\/verenigingijslandsehond.nl\/\",\"name\":\"Vereniging de IJslandse Hond in Nederland\",\"description\":\"\",\"potentialAction\":[{\"@type\":\"SearchAction\",\"target\":{\"@type\":\"EntryPoint\",\"urlTemplate\":\"https:\/\/verenigingijslandsehond.nl\/?s={search_term_string}\"},\"query-input\":\"required name=search_term_string\"}],\"inLanguage\":\"nl\"}]}<\/script>\n<!-- \/ Yoast SEO plugin. -->","yoast_head_json":{"title":"Pupinfo - Vereniging de IJslandse Hond in Nederland","robots":{"index":"index","follow":"follow","max-snippet":"max-snippet:-1","max-image-preview":"max-image-preview:large","max-video-preview":"max-video-preview:-1"},"canonical":"https:\/\/verenigingijslandsehond.nl\/?page_id=58","og_locale":"nl_NL","og_type":"article","og_title":"Pupinfo - Vereniging de IJslandse Hond in Nederland","og_description":"Als er een nest geboren is, plaatsen we er op deze pagina meer info over. Ben je op zoek naar meer informatie over de IJslandse hond dan deze site biedt, neem dan contact op met Natasja Hagemeier (bij voorkeur) via &hellip; Vervolgd","og_url":"https:\/\/verenigingijslandsehond.nl\/?page_id=58","og_site_name":"Vereniging de IJslandse Hond in Nederland","article_modified_time":"2026-03-31T14:26:10+00:00","og_image":[{"width":1600,"height":1200,"url":"https:\/\/verenigingijslandsehond.nl\/wp-content\/uploads\/2020\/01\/IMG-20200124-WA0000.jpg","type":"image\/jpeg"}],"twitter_card":"summary_large_image","twitter_misc":{"Geschatte leestijd":"1 minuut"},"schema":{"@context":"https:\/\/schema.org","@graph":[{"@type":"WebPage","@id":"https:\/\/verenigingijslandsehond.nl\/?page_id=58","url":"https:\/\/verenigingijslandsehond.nl\/?page_id=58","name":"Pupinfo - Vereniging de IJslandse Hond in Nederland","isPartOf":{"@id":"https:\/\/verenigingijslandsehond.nl\/#website"},"datePublished":"2019-11-01T14:24:19+00:00","dateModified":"2026-03-31T14:26:10+00:00","breadcrumb":{"@id":"https:\/\/verenigingijslandsehond.nl\/?page_id=58#breadcrumb"},"inLanguage":"nl","potentialAction":[{"@type":"ReadAction","target":["https:\/\/verenigingijslandsehond.nl\/?page_id=58"]}]},{"@type":"BreadcrumbList","@id":"https:\/\/verenigingijslandsehond.nl\/?page_id=58#breadcrumb","itemListElement":[{"@type":"ListItem","position":1,"name":"Home","item":"https:\/\/verenigingijslandsehond.nl\/"},{"@type":"ListItem","position":2,"name":"Pupinfo"}]},{"@type":"WebSite","@id":"https:\/\/verenigingijslandsehond.nl\/#website","url":"https:\/\/verenigingijslandsehond.nl\/","name":"Vereniging de IJslandse Hond in Nederland","description":"","potentialAction":[{"@type":"SearchAction","target":{"@type":"EntryPoint","urlTemplate":"https:\/\/verenigingijslandsehond.nl\/?s={search_term_string}"},"query-input":"required name=search_term_string"}],"inLanguage":"nl"}]}},"_links":{"self":[{"href":"https:\/\/verenigingijslandsehond.nl\/index.php?rest_route=\/wp\/v2\/pages\/58"}],"collection":[{"href":"https:\/\/verenigingijslandsehond.nl\/index.php?rest_route=\/wp\/v2\/pages"}],"about":[{"href":"https:\/\/verenigingijslandsehond.nl\/index.php?rest_route=\/wp\/v2\/types\/page"}],"author":[{"embeddable":true,"href":"https:\/\/verenigingijslandsehond.nl\/index.php?rest_route=\/wp\/v2\/users\/1"}],"replies":[{"embeddable":true,"href":"https:\/\/verenigingijslandsehond.nl\/index.php?rest_route=%2Fwp%2Fv2%2Fcomments&post=58"}],"version-history":[{"count":19,"href":"https:\/\/verenigingijslandsehond.nl\/index.php?rest_route=\/wp\/v2\/pages\/58\/revisions"}],"predecessor-version":[{"id":6730,"href":"https:\/\/verenigingijslandsehond.nl\/index.php?rest_route=\/wp\/v2\/pages\/58\/revisions\/6730"}],"wp:featuredmedia":[{"embeddable":true,"href":"https:\/\/verenigingijslandsehond.nl\/index.php?rest_route=\/wp\/v2\/media\/559"}],"wp:attachment":[{"href":"https:\/\/verenigingijslandsehond.nl\/index.php?rest_route=%2Fwp%2Fv2%2Fmedia&parent=58"}],"curies":[{"name":"wp","href":"https:\/\/api.w.org\/{rel}","templated":true}]}}